{"id":91,"date":"2020-06-13T16:05:38","date_gmt":"2020-06-13T14:05:38","guid":{"rendered":"http:\/\/www.ludwig-automobile-pflege.de\/?page_id=91"},"modified":"2025-02-01T16:30:51","modified_gmt":"2025-02-01T15:30:51","slug":"unser-team","status":"publish","type":"page","link":"https:\/\/www.ludwig-automobile-pflege.de\/?page_id=91","title":{"rendered":"Unser Team"},"content":{"rendered":"<table style=\"width: 625px;\">\n<tbody>\n<tr>\n<td style=\"width: 295px; height: 250px; border-color: #ffffff; background-color: #ffffff; vertical-align: middle;\"><a href=\"http:\/\/www.ludwig-automobile-pflege.de\/wp-content\/uploads\/2020\/06\/20190615_161006_MichaelLudwig_0244.jpg\"><img loading=\"lazy\" class=\"alignleft size-medium wp-image-215\" src=\"http:\/\/www.ludwig-automobile-pflege.de\/wp-content\/uploads\/2020\/06\/20190615_161006_MichaelLudwig_0244-300x200.jpg\" alt=\"20190615_161006_michaelludwig_0244\" width=\"300\" height=\"200\" srcset=\"https:\/\/www.ludwig-automobile-pflege.de\/wp-content\/uploads\/2020\/06\/20190615_161006_MichaelLudwig_0244-300x200.jpg 300w, https:\/\/www.ludwig-automobile-pflege.de\/wp-content\/uploads\/2020\/06\/20190615_161006_MichaelLudwig_0244-768x512.jpg 768w, https:\/\/www.ludwig-automobile-pflege.de\/wp-content\/uploads\/2020\/06\/20190615_161006_MichaelLudwig_0244-1024x683.jpg 1024w, https:\/\/www.ludwig-automobile-pflege.de\/wp-content\/uploads\/2020\/06\/20190615_161006_MichaelLudwig_0244-1170x780.jpg 1170w\" sizes=\"(max-width: 300px) 100vw, 300px\" \/><\/a><\/td>\n<td style=\"width: 295px; height: 250px; border-color: #ffffff; background-color: #ffffff; text-align: left; vertical-align: top;\">\n<p style=\"text-align: left;\"><strong>Michael Ludwig<br \/>\n<\/strong>gesch\u00e4ftsf\u00fchrender Inhaber<br \/>\n<span style=\"color: #000080;\">Tel.: +49 7153 9246001<\/span><br \/>\n<span style=\"color: #000080;\"> Mobil: +49 173 3011334<\/span><br \/>\n<span style=\"color: #000080;\"> Fax: +49 7153 9246003<\/span><br \/>\n<span style=\"color: #000080;\"><a style=\"color: #000080;\" href=\"mailto:info@ludwig-auto.de\"> E-Mail senden<\/a><\/span><br \/>\n<strong>Ansprechpartner f\u00fcr:<\/strong><br \/>\nGesch\u00e4ftsleitung,<br \/>\nAn- und Verkauf gebrauchte PKW<br \/>\nBeratung Fahrzeugaufbereitung<\/p>\n<\/td>\n<\/tr>\n<tr>\n<td style=\"width: 295px; height: 250px; border-color: #ffffff; background-color: #ffffff; vertical-align: middle;\"><a href=\"http:\/\/www.ludwig-automobile-pflege.de\/wp-content\/uploads\/2020\/06\/20190615_162038_MichaelLudwig_0244.jpg\"><img loading=\"lazy\" class=\"alignleft size-medium wp-image-216\" src=\"http:\/\/www.ludwig-automobile-pflege.de\/wp-content\/uploads\/2020\/06\/20190615_162038_MichaelLudwig_0244-300x200.jpg\" alt=\"20190615_162038_michaelludwig_0244\" width=\"300\" height=\"200\" srcset=\"https:\/\/www.ludwig-automobile-pflege.de\/wp-content\/uploads\/2020\/06\/20190615_162038_MichaelLudwig_0244-300x200.jpg 300w, https:\/\/www.ludwig-automobile-pflege.de\/wp-content\/uploads\/2020\/06\/20190615_162038_MichaelLudwig_0244-768x512.jpg 768w, https:\/\/www.ludwig-automobile-pflege.de\/wp-content\/uploads\/2020\/06\/20190615_162038_MichaelLudwig_0244-1024x683.jpg 1024w, https:\/\/www.ludwig-automobile-pflege.de\/wp-content\/uploads\/2020\/06\/20190615_162038_MichaelLudwig_0244-1170x780.jpg 1170w\" sizes=\"(max-width: 300px) 100vw, 300px\" \/><\/a><\/td>\n<td style=\"width: 295px; height: 250px; border-color: #ffffff; background-color: #ffffff; text-align: left; vertical-align: top;\"><strong>Bettina Ludwig<br \/>\n<\/strong>Assistentin der Gesch\u00e4ftsleitung<br \/>\n<span style=\"color: #000080;\">Tel.: +49 7153 9246001<\/span><br \/>\n<span style=\"color: #000080;\">Fax: +49 7153 9246003<\/span><br \/>\n<span style=\"color: #000080;\"><a style=\"color: #000080;\" href=\"mailto:info@ludwig-auto.de\"> E-Mail senden<\/a><\/span><br \/>\n<strong>Ansprechpartner f\u00fcr:<\/strong><br \/>\nKaufm\u00e4nnische Leitung,<br \/>\nBeratung Finanzierung,<br \/>\nVerkauf gebrauchte PKW<\/td>\n<\/tr>\n<tr>\n<td style=\"width: 295px; height: 250px; border-color: #ffffff; background-color: #ffffff; vertical-align: middle;\"><a href=\"http:\/\/www.ludwig-automobile-pflege.de\/wp-content\/uploads\/2020\/06\/20190615_155620_MichaelLudwig_0244.jpg\"><img loading=\"lazy\" class=\"alignleft size-medium wp-image-217\" src=\"http:\/\/www.ludwig-automobile-pflege.de\/wp-content\/uploads\/2020\/06\/20190615_155620_MichaelLudwig_0244-300x200.jpg\" alt=\"20190615_155620_michaelludwig_0244\" width=\"300\" height=\"200\" srcset=\"https:\/\/www.ludwig-automobile-pflege.de\/wp-content\/uploads\/2020\/06\/20190615_155620_MichaelLudwig_0244-300x200.jpg 300w, https:\/\/www.ludwig-automobile-pflege.de\/wp-content\/uploads\/2020\/06\/20190615_155620_MichaelLudwig_0244-768x512.jpg 768w, https:\/\/www.ludwig-automobile-pflege.de\/wp-content\/uploads\/2020\/06\/20190615_155620_MichaelLudwig_0244-1024x683.jpg 1024w, https:\/\/www.ludwig-automobile-pflege.de\/wp-content\/uploads\/2020\/06\/20190615_155620_MichaelLudwig_0244-1170x780.jpg 1170w\" sizes=\"(max-width: 300px) 100vw, 300px\" \/><\/a><\/td>\n<td style=\"width: 295px; height: 250px; border-color: #ffffff; background-color: #ffffff; text-align: left; vertical-align: top;\"><strong>Peter Ottenbacher<br \/>\n<\/strong>Verkauf gebrauchte PKW<br \/>\n<span style=\"color: #000080;\">Tel.: +49 7153 9246002<\/span><br \/>\n<span style=\"color: #000080;\">Fax: +49 7153 9246003<\/span><br \/>\n<span style=\"color: #000080;\"><a style=\"color: #000080;\" href=\"mailto:info@ludwig-auto.de\"> E-Mail senden<\/a><\/span><br \/>\n<strong>Ansprechpartner f\u00fcr:<br \/>\n<\/strong>PKW Gebrauchtfahrzeuge<\/td>\n<\/tr>\n<\/tbody>\n<\/table>\n","protected":false},"excerpt":{"rendered":"<p>Michael Ludwig gesch\u00e4ftsf\u00fchrender Inhaber Tel.: +49 7153 9246001 Mobil: +49 173 3011334 Fax: +49 7153 9246003 E-Mail senden Ansprechpartner f\u00fcr: Gesch\u00e4ftsleitung, An- und Verkauf gebrauchte PKW Beratung Fahrzeugaufbereitung Bettina Ludwig Assistentin der Gesch\u00e4ftsleitung Tel.: +49 7153 9246001 Fax: +49 7153&#8230;<br \/><a class=\"read-more-button\" href=\"https:\/\/www.ludwig-automobile-pflege.de\/?page_id=91\">Read more<\/a><\/p>\n","protected":false},"author":2,"featured_media":0,"parent":0,"menu_order":0,"comment_status":"closed","ping_status":"closed","template":"","meta":[],"_links":{"self":[{"href":"https:\/\/www.ludwig-automobile-pflege.de\/index.php?rest_route=\/wp\/v2\/pages\/91"}],"collection":[{"href":"https:\/\/www.ludwig-automobile-pflege.de\/index.php?rest_route=\/wp\/v2\/pages"}],"about":[{"href":"https:\/\/www.ludwig-automobile-pflege.de\/index.php?rest_route=\/wp\/v2\/types\/page"}],"author":[{"embeddable":true,"href":"https:\/\/www.ludwig-automobile-pflege.de\/index.php?rest_route=\/wp\/v2\/users\/2"}],"replies":[{"embeddable":true,"href":"https:\/\/www.ludwig-automobile-pflege.de\/index.php?rest_route=%2Fwp%2Fv2%2Fcomments&post=91"}],"version-history":[{"count":28,"href":"https:\/\/www.ludwig-automobile-pflege.de\/index.php?rest_route=\/wp\/v2\/pages\/91\/revisions"}],"predecessor-version":[{"id":333,"href":"https:\/\/www.ludwig-automobile-pflege.de\/index.php?rest_route=\/wp\/v2\/pages\/91\/revisions\/333"}],"wp:attachment":[{"href":"https:\/\/www.ludwig-automobile-pflege.de\/index.php?rest_route=%2Fwp%2Fv2%2Fmedia&parent=91"}],"curies":[{"name":"wp","href":"https:\/\/api.w.org\/{rel}","templated":true}]}}