{"id":8,"date":"2015-03-20T13:06:04","date_gmt":"2015-03-20T12:06:04","guid":{"rendered":"http:\/\/ludwig-auto.de\/?page_id=8"},"modified":"2025-02-01T17:04:17","modified_gmt":"2025-02-01T16:04:17","slug":"impressum","status":"publish","type":"page","link":"https:\/\/www.ludwig-automobile-pflege.de\/?page_id=8","title":{"rendered":"Impressum"},"content":{"rendered":"<p>Angaben gem\u00e4\u00df \u00a7 5 TMG<\/p>\n<p>Ludwig Automobile &amp; Pflege<br \/>\nEsslinger Str. 4\/1<\/p>\n<p>73776 Altbach<\/p>\n<p>Vertreten durch:<br \/>\nMichael Ludwig<\/p>\n<p><strong>Kontakt:<\/strong><br \/>\nTel.: 07153 \/ 9 24 60 01<br \/>\nFax: 07153 \/ 9 24 60 03<br \/>\nE-Mail: info@ludwig-auto.de<\/p>\n<p>Umsatzsteuer-Identifikationsnummer gem\u00e4\u00df \u00a727a Umsatzsteuergesetz: DE 198023602<\/p>\n<p><strong>Versicherungsvermittlerregister (www.vermittlerregister.info)<\/strong><\/p>\n<p>Register-Nr. D-7AYO-5GRYP-57<br \/>\nErlaubnisbefreiung nach \u00a7 34d Abs.6 GewO (produktakzessorisch),<br \/>\nerteilt durch die Aufsichtsbeh\u00f6rde:<\/p>\n<p>IHK Stuttgart,<br \/>\nJ\u00e4gerstr. 30,<br \/>\n70174 Stuttgart<br \/>\nwww.ihk-stuttgart.de<\/p>\n<p>Berufsbezeichnung: Versicherungsvertreter mit Erlaubnis nach \u00a7 34d Abs.6 GewO (produktakzessorisch); Bundesrepublik Deutschland<\/p>\n<p>Berufsrechtliche Regelungen:<br \/>\n&#8211; \u00a7 34d Gewerbeordnung<br \/>\n&#8211; \u00a7\u00a7 59 &#8211; 68 VVG<br \/>\n&#8211; VersVermV<br \/>\nDie berufsrechtlichen Regelungen k\u00f6nnen \u00fcber die vom Bundesministerium der Justiz und von der juris GmbH betriebenen Homepage www.gesetze-im-internet.de eingesehen und abgerufen werden.<\/p>\n<p><strong>Haftungsausschluss: <\/strong><\/p>\n<p><strong>Haftung f\u00fcr Inhalte<\/strong><\/p>\n<p>Die Inhalte unserer Seiten wurden mit gr\u00f6\u00dfter Sorgfalt erstellt. F\u00fcr die Richtigkeit, Vollst\u00e4ndigkeit und Aktualit\u00e4t der Inhalte k\u00f6nnen wir jedoch keine Gew\u00e4hr \u00fcbernehmen. Als Diensteanbieter sind wir gem\u00e4\u00df \u00a7 7 Abs.1 TMG f\u00fcr eigene Inhalte auf diesen Seiten nach den allgemeinen Gesetzen verantwortlich. Nach \u00a7\u00a7 8 bis 10 TMG sind wir als Diensteanbieter jedoch nicht verpflichtet, \u00fcbermittelte oder gespeicherte fremde Informationen zu \u00fcberwachen oder nach Umst\u00e4nden zu forschen, die auf eine rechtswidrige T\u00e4tigkeit hinweisen. Verpflichtungen zur Entfernung oder Sperrung der Nutzung von Informationen nach den allgemeinen Gesetzen bleiben hiervon unber\u00fchrt. Eine diesbez\u00fcgliche Haftung ist jedoch erst ab dem Zeitpunkt der Kenntnis einer konkreten Rechtsverletzung m\u00f6glich. Bei Bekanntwerden von entsprechenden Rechtsverletzungen werden wir diese Inhalte umgehend entfernen.<\/p>\n<p><strong>Haftung f\u00fcr Links<\/strong><\/p>\n<p>Unser Angebot enth\u00e4lt Links zu externen Webseiten Dritter, auf deren Inhalte wir keinen Einfluss haben. Deshalb k\u00f6nnen wir f\u00fcr diese fremden Inhalte auch keine Gew\u00e4hr \u00fcbernehmen. F\u00fcr die Inhalte der verlinkten Seiten ist stets der jeweilige Anbieter oder Betreiber der Seiten verantwortlich. Die verlinkten Seiten wurden zum Zeitpunkt der Verlinkung auf m\u00f6gliche Rechtsverst\u00f6\u00dfe \u00fcberpr\u00fcft. Rechtswidrige Inhalte waren zum Zeitpunkt der Verlinkung nicht erkennbar. Eine permanente inhaltliche Kontrolle der verlinkten Seiten ist jedoch ohne konkrete Anhaltspunkte einer Rechtsverletzung nicht zumutbar. Bei Bekanntwerden von Rechtsverletzungen werden wir derartige Links umgehend entfernen.<\/p>\n<p><strong>Urheberrecht<\/strong><\/p>\n<p>Die durch die Seitenbetreiber erstellten Inhalte und Werke auf diesen Seiten unterliegen dem deutschen Urheberrecht. Die Vervielf\u00e4ltigung, Bearbeitung, Verbreitung und jede Art der Verwertung au\u00dferhalb der Grenzen des Urheberrechtes bed\u00fcrfen der schriftlichen Zustimmung des jeweiligen Autors bzw. Erstellers. Downloads und Kopien dieser Seite sind nur f\u00fcr den privaten, nicht kommerziellen Gebrauch gestattet. Soweit die Inhalte auf dieser Seite nicht vom Betreiber erstellt wurden, werden die Urheberrechte Dritter beachtet. Insbesondere werden Inhalte Dritter als solche gekennzeichnet. Sollten Sie trotzdem auf eine Urheberrechtsverletzung aufmerksam werden, bitten wir um einen entsprechenden Hinweis. Bei Bekanntwerden von Rechtsverletzungen werden wir derartige Inhalte umgehend entfernen.<\/p>\n<p><strong>Datenschutz<\/strong><\/p>\n<p>Der Schutz Ihrer Privatsph\u00e4re bei der Nutzung unserer Webseite ist uns ein wichtiges Anliegen. Deshalb informieren wir Sie im Folgenden ausf\u00fchrlich \u00fcber die Erhebung und Verarbeitung personenbezogener Daten, die wir gem\u00e4\u00df den datenschutzrechtlichen Bestimmungen des Landes behandeln.<\/p>\n<p>Bitte beachten Sie, dass unsere Webseite Links zu Webseiten (siehe Haftung f\u00fcr Links) anderer Anbieter enthalten k\u00f6nnen, auf die sich diese Datenschutzerkl\u00e4rung nicht erstreckt.<\/p>\n<p>Die Nutzung unserer Webseite ist in der Regel ohne Angabe personenbezogener Daten m\u00f6glich. Personenbezogene Daten werden von uns nur dann und nur in dem Umfang erhoben, wie Sie sie uns mit Ihrer Kenntnis selbst \u00fcber das Kontaktformular zur Verf\u00fcgung stellen. Ihre personenbezogenen Daten, soweit diese f\u00fcr die Begr\u00fcndung, \u00c4nderung und Abwicklung des Vertragsverh\u00e4ltnisses erforderlich sind, werden ausschlie\u00dflich zur Vertragsabwicklung verwendet. Ohne Ihre ausdr\u00fcckliche Einwilligung oder ohne gesetzliche Grundlage werden Ihre personenbezogenen Daten nicht an Dritte weitergegeben, die au\u00dferhalb der Vertragsabwicklung stehen. Nach Ablauf der Aufbewahrungsfristen, die sich aus steuer- und handelsrechtlichen Vorschriften ergeben, werden diese Daten gel\u00f6scht, sofern Sie nicht ausdr\u00fccklich in die weitere Nutzung eingewilligt haben.<\/p>\n<p>Sie haben jederzeit ein Widerrufsrecht hinsichtlich einer erteilten Einwilligung.<\/p>\n<p>Wir weisen grunds\u00e4tzlich darauf hin, dass die Daten\u00fcbertragung im Internet (z.B. bei der Kommunikation per E-Mail) Sicherheitsl\u00fccken aufweisen kann. Ein l\u00fcckenloser Schutz der Daten vor dem Zugriff durch Dritte ist nicht m\u00f6glich.<\/p>\n<p>Der Nutzung von im Rahmen der Impressumspflicht ver\u00f6ffentlichten Kontaktdaten durch Dritte zur \u00dcbersendung von nicht ausdr\u00fccklich angeforderter Werbung und Informationsmaterialien wird hiermit ausdr\u00fccklich widersprochen. Die Betreiber der Seiten behalten sich ausdr\u00fccklich rechtliche Schritte im Falle der unverlangten Zusendung von Werbeinformationen, etwa durch Spam-Mails, vor.<\/p>\n<p><strong>F\u00fcr die EU-Verordnung (EU-Verordnung 524\/2013)<\/strong><br \/>\nDie Europ\u00e4ische Kommission stellt eine Plattform zur Online-Streitbeilegung (OS) bereit, die Sie unter folgendem Link finden:<br \/>\n<a href=\"http:\/\/ec.europa.eu\/odr\">http:\/\/ec.europa.eu\/odr<\/a><\/p>\n<p><strong>Verwendung von Cookies<\/strong><\/p>\n<p>Cookies sind Datens\u00e4tze, die vom Webserver an den Webbrowser des Nutzers gesandt und dort f\u00fcr einen sp\u00e4teren Abruf gespeichert werden. Ob Cookies gesammelt werden k\u00f6nnen, bestimmen Sie selbst, indem Sie Ihren Browser in der Weise einstellen, dass Sie vor dem Speichern eines Cookies informiert werden und eine Speicherung erst erfolgt, wenn Sie dies ausdr\u00fccklich akzeptieren.<\/p>\n<p>Wir verwenden Cookies nur zu dem Zweck, Informationen \u00fcber die Nutzung unseres Webangebotes zu erhalten sowie zu statistischen Zwecken.<\/p>\n<p>Die Datens\u00e4tze der Cookies enthalten keine personenbezogenen Informationen. Eine Zusammenf\u00fchrung mit etwaigen von Ihnen zur Verf\u00fcgung gestellten personenbezogenen Daten erfolgt nicht.<\/p>\n<p><strong>Google Analytics<\/strong><\/p>\n<p>Diese Website benutzt Google Analytics, einen Webanalysedienst der Google Inc. (&#8220;Google&#8220;). Google Analytics verwendet sog. &#8220;Cookies&#8220;, Textdateien, die auf Ihrem Computer gespeichert werden und die eine Analyse der Benutzung der Website durch Sie erm\u00f6glicht. Die durch den Cookie erzeugten Informationen \u00fcber Ihre Benutzung diese Website (einschlie\u00dflich Ihrer IP-Adresse) wird an einen Server von Google in den USA \u00fcbertragen und dort gespeichert.<\/p>\n<p>Google wird diese Informationen benutzen, um Ihre Nutzung der Website auszuwerten, um Reports \u00fcber die Websiteaktivit\u00e4ten f\u00fcr die Websitebetreiber zusammenzustellen und um weitere mit der Websitenutzung und der Internetnutzung verbundene Dienstleistungen zu erbringen. Auch wird Google diese Informationen gegebenenfalls an Dritte \u00fcbertragen, sofern dies gesetzlich vorgeschrieben oder soweit Dritte diese Daten im Auftrag von Google verarbeiten. Google wird in keinem Fall Ihre IP-Adresse mit anderen Daten der Google in Verbindung bringen. Sie k\u00f6nnen die Installation der Cookies durch eine entsprechende Einstellung Ihrer Browser Software verhindern; wir weisen Sie jedoch darauf hin, dass Sie in diesem Fall gegebenenfalls nicht s\u00e4mtliche Funktionen dieser Website voll umf\u00e4nglich nutzen k\u00f6nnen. Durch die Nutzung dieser Website erkl\u00e4ren Sie sich mit der Bearbeitung der \u00fcber Sie erhobenen Daten durch Google in der zuvor beschriebenen Art und Weise und zu dem zuvor benannten Zweck einverstanden.<\/p>\n<p><strong>Verwendung von Google Maps und OpenStreetMap<\/strong><\/p>\n<p>Wir nutzen auf unserer Website Google Maps und OpenStreetMap. Google Maps ist ein Kartendienst der Google LLC, 1600 Amphitheatre Parkway Mountain View, CA 94043, USA. Zust\u00e4ndiger Dienstanbieter f\u00fcr Nutzer in der EU\/ dem EWR und der Schweiz ist Google Ireland Limited (\u201eGoogle\u201c). OpenStreetMap ist ein Dienst der OpenStreetMap Foundation (OSMF), 132 Maney Hill Road, Sutton Coldfield, West Midlands, B72 1JU, United Kingdom, f\u00fcr die OSM-Gemeinschaft betrieben.<\/p>\n<p>Die Einbindung von Google Maps erfolgt als statische Grafik, mit Klick auf die jeweilige Kartengrafik wird eine dynamische Kartenansicht geladen. Bei diesem Laden wer\u00adden In\u00adfor\u00adma\u00adtio\u00adnen \u00fcber die Nut\u00adzung die\u00adser Web\u00adsei\u00adte ein\u00adschlie\u00df\u00adli\u00adch Ih\u00adrer IP-A\u00addres\u00adse an Open\u00adS\u00adtreet\u00adMap \u00fcbertragen.<\/p>\n<p>Wie OpenStreetMap Ihre Daten speichert, k\u00f6nnen Sie auf der Datenschutzseite von OpenStreetMap erfahren.<strong>\u00a0<\/strong><a href=\"https:\/\/wiki.openstreetmap.org\/wiki\/Privacy_Policy\">https:\/\/wiki.openstreetmap.org\/wiki\/Privacy_Policy<\/a><\/p>\n<p>Um die Route zu bestimmen ist ein weiterer Klick auf unseren Standort notwendig. Erst wenn Sie auf &#8222;Route berechnen&#8220; klicken, wechseln Sie auf die Webseite von Google Maps. Hier werden \u00a0unter Umst\u00e4nden Informationen (auch personenbezogene Daten) erhoben und verarbeitet. Dabei kann nicht ausgeschlossen werden, dass Google die Informationen auch an einen Server in einem Drittland \u00fcbermittelt.<\/p>\n<p>Wir selbst erheben keine Daten, wenn Sie Google Maps oder OpenStreetMap \u00fcber unsere Webseite nutzen.<\/p>\n<p>Durch die Einbindung von Google Maps und OpenStreetMap verfolgen wir den Zweck, Ihnen unsere Adresse darstellen zu k\u00f6nnen sowie weitere Informationen f\u00fcr Ihren Weg zu uns zur Verf\u00fcgung zu stellen. Auch k\u00f6nnen wir Ihnen durch diese Einbindung von Google Maps und OpenStreetMap Orte pr\u00e4sentieren, wobei Sie nicht auf einzelne Kartenausschnitte begrenzt sind und eigenst\u00e4ndig Entfernungen u. \u00c4. recherchieren k\u00f6nnen.<\/p>\n<p>Bei Besuch einer Website, die Google Maps enth\u00e4lt, baut Ihr Browser eine direkte Verbindung mit den Servern von Google auf, wobei der Karteninhalt an Ihren Browser gesendet und von diesem eingebunden wird. Dies umfasst folgende Daten:<\/p>\n<ul>\n<li>Datum und Uhrzeit des Besuchs auf der betreffenden Webseite,<\/li>\n<li>Standort-Informationen,<\/li>\n<li>IP-Adresse, im Rahmen der Routenplanung eingegebene (Start-)Anschrift,<\/li>\n<li>Internetadresse oder URL der aufgerufenen Webseite,<\/li>\n<li>Nutzungsdaten und<\/li>\n<li>Suchbegriffe.<\/li>\n<\/ul>\n<p>Mehr Informationen zum Umgang mit Nutzerdaten finden Sie in der Datenschutzerkl\u00e4rung von Google:\u00a0<a href=\"https:\/\/www.google.de\/intl\/de\/policies\/privacy\/\">https:\/\/www.google.de\/intl\/de\/policies\/privacy\/<\/a>.<\/p>\n<p><strong>Die mittels der API erhobenen Informationen \u00fcber Ihre Benutzung dieser Website werden in der Regel in der Europ\u00e4ischen Union verarbeitet.<\/strong><\/p>\n<p><strong>Ein Zugriff auf die Informationen durch Google LLC mit Sitz in den USA kann nicht ausgeschlossen werden. Soweit in den Fall Daten au\u00dferhalb der EU\/des EWR verarbeitet werden, hat sich Google nach dem EU-US Data Privacy Framework (DPF) zertifiziert. Datentransfers in die USA sind damit aufgrund des Angemessenheitsbeschlusses der Europ\u00e4ischen Kommission nach Art. 45 DSGVO legitimiert. N\u00e4here Informationen zum EU-US Data Privacy Framework Programm k\u00f6nnen Sie auf der offiziellen Website des ITA finden:<\/strong>\u00a0<a href=\"https:\/\/www.dataprivacyframework.gov\/s\/\">https:\/\/www.dataprivacyframework.gov\/s\/<\/a>\u200b<\/p>\n<p>Die Daten werden gel\u00f6scht, sobald sie f\u00fcr die Verarbeitungszwecke nicht mehr ben\u00f6tigt werden.<\/p>\n<p>Quelle: <a href=\"http:\/\/www.impressum-generator.de\">Impressum Generator<\/a> der <a href=\"http:\/\/www.kanzlei-hasselbach.de\/rechtsanwalt-frankfurt\/\">Kanzlei Hasselbach<\/a><\/p>\n","protected":false},"excerpt":{"rendered":"<p>Angaben gem\u00e4\u00df \u00a7 5 TMG Ludwig Automobile &amp; Pflege Esslinger Str. 4\/1 73776 Altbach Vertreten durch: Michael Ludwig Kontakt: Tel.: 07153 \/ 9 24 60 01 Fax: 07153 \/ 9 24 60 03 E-Mail: info@ludwig-auto.de Umsatzsteuer-Identifikationsnummer gem\u00e4\u00df \u00a727a Umsatzsteuergesetz: DE&#8230;<br \/><a class=\"read-more-button\" href=\"https:\/\/www.ludwig-automobile-pflege.de\/?page_id=8\">Read more<\/a><\/p>\n","protected":false},"author":1,"featured_media":0,"parent":0,"menu_order":0,"comment_status":"closed","ping_status":"closed","template":"","meta":[],"_links":{"self":[{"href":"https:\/\/www.ludwig-automobile-pflege.de\/index.php?rest_route=\/wp\/v2\/pages\/8"}],"collection":[{"href":"https:\/\/www.ludwig-automobile-pflege.de\/index.php?rest_route=\/wp\/v2\/pages"}],"about":[{"href":"https:\/\/www.ludwig-automobile-pflege.de\/index.php?rest_route=\/wp\/v2\/types\/page"}],"author":[{"embeddable":true,"href":"https:\/\/www.ludwig-automobile-pflege.de\/index.php?rest_route=\/wp\/v2\/users\/1"}],"replies":[{"embeddable":true,"href":"https:\/\/www.ludwig-automobile-pflege.de\/index.php?rest_route=%2Fwp%2Fv2%2Fcomments&post=8"}],"version-history":[{"count":12,"href":"https:\/\/www.ludwig-automobile-pflege.de\/index.php?rest_route=\/wp\/v2\/pages\/8\/revisions"}],"predecessor-version":[{"id":335,"href":"https:\/\/www.ludwig-automobile-pflege.de\/index.php?rest_route=\/wp\/v2\/pages\/8\/revisions\/335"}],"wp:attachment":[{"href":"https:\/\/www.ludwig-automobile-pflege.de\/index.php?rest_route=%2Fwp%2Fv2%2Fmedia&parent=8"}],"curies":[{"name":"wp","href":"https:\/\/api.w.org\/{rel}","templated":true}]}}