{"id":172,"date":"2017-01-24T17:00:16","date_gmt":"2017-01-24T16:00:16","guid":{"rendered":"http:\/\/www.ludwig-automobile-pflege.de\/?page_id=172"},"modified":"2022-10-19T16:15:04","modified_gmt":"2022-10-19T14:15:04","slug":"ankauf","status":"publish","type":"page","link":"https:\/\/www.ludwig-automobile-pflege.de\/?page_id=172","title":{"rendered":"Ankauf"},"content":{"rendered":"<h2><strong>Fahrzeugankauf schnell und unkompliziert<\/strong><\/h2>\n<p>Der Verkauf eines Fahrzeuges ist f\u00fcr Sie normalerweise mit einem hohen zeitlichen Aufwand verbunden. Viele unserer Kunden wollen das liebgewonnene Fahrzeug nicht lange Online anbieten, um sich anschlie\u00dfend mit verschiedenen Interessenten auseinandersetzen. Sie m\u00fcssen Emails beantworten und telefonieren, sowie Verkaufsverhandlungen f\u00fchren.<\/p>\n<p><span style=\"text-decoration: underline;\"><strong>Unser Service f\u00fcr Sie:<\/strong><\/span><\/p>\n<ul>\n<li>Kostenlose und unverbindliche Bewertung Ihres Fahrzeuges<\/li>\n<li>Wir begutachten Ihr Fahrzeug im n\u00e4heren Umkreis auch vor Ort<\/li>\n<li>Sofortiger Ankauf oder auch Inzahlungnahme<\/li>\n<li>Wir haben grunds\u00e4tzlich Interesse an fast allen Modellen jeder Marke<br \/>\n&#8211; vorrangig Gebrauchtwagen,<br \/>\n&#8211; aber auch Unfallwagen,<br \/>\n&#8211; Fahrzeuge mit vielen Kilometern<br \/>\n&#8211; sowie mit Motorschaden oder anderen M\u00e4ngeln.<\/li>\n<li>Bargeld oder sichere \u00dcberweisung innerhalb k\u00fcrzester Zeit<\/li>\n<li>Abl\u00f6sung bei der Bank, falls noch eine Finanzierung besteht<\/li>\n<li>Abmeldung Ihres Fahrzeuges, f\u00fcr Sie vollkommen kostenfrei<\/li>\n<\/ul>\n<p><span style=\"text-decoration: underline;\"><strong>Diese Unterlagen bringen Sie zum Verkauf mit:<\/strong><\/span><\/p>\n<p><em>Fahrzeugunterlagen<\/em><\/p>\n<ul>\n<li>Fahrzeugschein (Zulassungsbescheinigung Teil I)<\/li>\n<li>Fahrzeugbrief (Zulassungsbescheinigung Teil II)<\/li>\n<li>CoC-Papiere (veraltet: EWG-\u00dcbereinstimmungsbescheingung<\/li>\n<li>T\u00dcV-\/AU-Bescheinigung<\/li>\n<li>Serviceheft<\/li>\n<li>Fahrzeugschl\u00fcssel<\/li>\n<\/ul>\n<p><em>Zus\u00e4tzliche Unterlagen und Ausstattung<\/em><\/p>\n<ul>\n<li>Rechnungen zu Reparaturen<\/li>\n<li>Navigations-CD<\/li>\n<li>Zweiter Reifensatz<\/li>\n<li>Code-Karte<\/li>\n<\/ul>\n","protected":false},"excerpt":{"rendered":"<p>Fahrzeugankauf schnell und unkompliziert Der Verkauf eines Fahrzeuges ist f\u00fcr Sie normalerweise mit einem hohen zeitlichen Aufwand verbunden. Viele unserer Kunden wollen das liebgewonnene Fahrzeug nicht lange Online anbieten, um sich anschlie\u00dfend mit verschiedenen Interessenten auseinandersetzen. Sie m\u00fcssen Emails beantworten&#8230;<br \/><a class=\"read-more-button\" href=\"https:\/\/www.ludwig-automobile-pflege.de\/?page_id=172\">Read more<\/a><\/p>\n","protected":false},"author":2,"featured_media":0,"parent":0,"menu_order":0,"comment_status":"closed","ping_status":"closed","template":"","meta":[],"_links":{"self":[{"href":"https:\/\/www.ludwig-automobile-pflege.de\/index.php?rest_route=\/wp\/v2\/pages\/172"}],"collection":[{"href":"https:\/\/www.ludwig-automobile-pflege.de\/index.php?rest_route=\/wp\/v2\/pages"}],"about":[{"href":"https:\/\/www.ludwig-automobile-pflege.de\/index.php?rest_route=\/wp\/v2\/types\/page"}],"author":[{"embeddable":true,"href":"https:\/\/www.ludwig-automobile-pflege.de\/index.php?rest_route=\/wp\/v2\/users\/2"}],"replies":[{"embeddable":true,"href":"https:\/\/www.ludwig-automobile-pflege.de\/index.php?rest_route=%2Fwp%2Fv2%2Fcomments&post=172"}],"version-history":[{"count":10,"href":"https:\/\/www.ludwig-automobile-pflege.de\/index.php?rest_route=\/wp\/v2\/pages\/172\/revisions"}],"predecessor-version":[{"id":186,"href":"https:\/\/www.ludwig-automobile-pflege.de\/index.php?rest_route=\/wp\/v2\/pages\/172\/revisions\/186"}],"wp:attachment":[{"href":"https:\/\/www.ludwig-automobile-pflege.de\/index.php?rest_route=%2Fwp%2Fv2%2Fmedia&parent=172"}],"curies":[{"name":"wp","href":"https:\/\/api.w.org\/{rel}","templated":true}]}}